{"id":8059,"date":"2021-02-24T14:26:32","date_gmt":"2021-02-24T13:26:32","guid":{"rendered":"https:\/\/staging.soyaustria.com\/home\/career\/"},"modified":"2023-08-22T16:29:40","modified_gmt":"2023-08-22T14:29:40","slug":"karriere","status":"publish","type":"page","link":"https:\/\/staging.soyaustria.com\/de\/home\/karriere\/","title":{"rendered":"KARRIERE"},"content":{"rendered":"<p>[et_pb_section fb_built=&#8220;1&#8243; fullwidth=&#8220;on&#8220; disabled_on=&#8220;on|on|on&#8220; _builder_version=&#8220;4.16&#8243; _module_preset=&#8220;default&#8220; bottom_divider_style=&#8220;curve&#8220; bottom_divider_color=&#8220;#94C01B&#8220; bottom_divider_height=&#8220;30px&#8220; disabled=&#8220;on&#8220; global_colors_info=&#8220;{}&#8220;][et_pb_fullwidth_header button_one_text=&#8220;Contact us&#8220; logo_image_url=&#8220;https:\/\/staging.soyaustria.com\/wp-content\/uploads\/2021\/02\/SOY_Austria_Logo_neg.png&#8220; _builder_version=&#8220;4.16&#8243; _module_preset=&#8220;default&#8220; title_font=&#8220;|700|||||||&#8220; title_font_size=&#8220;38px&#8220; background_enable_color=&#8220;off&#8220; use_background_color_gradient=&#8220;on&#8220; background_color_gradient_stops=&#8220;rgba(255,255,255,0) 0%|rgba(0,0,0,0.29) 100%&#8220; background_color_gradient_overlays_image=&#8220;on&#8220; background_color_gradient_start=&#8220;rgba(255,255,255,0)&#8220; background_color_gradient_end=&#8220;rgba(0,0,0,0.29)&#8220; background_image=&#8220;https:\/\/staging.soyaustria.com\/wp-content\/uploads\/2020\/08\/SoyAustria_Company.jpg&#8220; min_height=&#8220;400px&#8220; height=&#8220;400px&#8220; max_height=&#8220;400px&#8220; custom_padding=&#8220;140px|||180px|false|false&#8220; border_color_bottom=&#8220;#7cda24&#8243; global_colors_info=&#8220;{}&#8220;][\/et_pb_fullwidth_header][\/et_pb_section][et_pb_section fb_built=&#8220;1&#8243; custom_padding_last_edited=&#8220;on|tablet&#8220; _builder_version=&#8220;4.16&#8243; _module_preset=&#8220;default&#8220; background_image=&#8220;https:\/\/staging.soyaustria.com\/wp-content\/uploads\/2021\/03\/Careers.jpg&#8220; min_height=&#8220;400px&#8220; height=&#8220;400px&#8220; max_height=&#8220;400px&#8220; custom_padding=&#8220;124px||||false|false&#8220; custom_padding_tablet=&#8220;55px||||false|false&#8220; custom_padding_phone=&#8220;55px||||false|false&#8220; bottom_divider_style=&#8220;curve&#8220; bottom_divider_color=&#8220;#94C01B&#8220; bottom_divider_height=&#8220;30px&#8220; background_last_edited=&#8220;on|phone&#8220; background_size_phone=&#8220;cover&#8220; background_position_phone=&#8220;center&#8220; locked=&#8220;off&#8220; global_colors_info=&#8220;{}&#8220; custom_css_main_element_last_edited=&#8220;on|phone&#8220; custom_css_main_element_phone=&#8220;background-position-x: 65%!important;&#8220;][et_pb_row custom_padding_last_edited=&#8220;on|tablet&#8220; _builder_version=&#8220;4.16&#8243; _module_preset=&#8220;default&#8220; z_index=&#8220;12&#8243; width=&#8220;100%&#8220; max_width=&#8220;100vw&#8220; custom_margin=&#8220;0px||0px||false|false&#8220; custom_margin_tablet=&#8220;&#8220; custom_margin_phone=&#8220;&#8220; custom_margin_last_edited=&#8220;on|tablet&#8220; custom_padding=&#8220;213px|0px|0px|0px|false|false&#8220; custom_padding_tablet=&#8220;270px|0px|0px|0px|false|false&#8220; custom_padding_phone=&#8220;300px||||false|false&#8220; global_colors_info=&#8220;{}&#8220;][et_pb_column type=&#8220;4_4&#8243; _builder_version=&#8220;4.16&#8243; _module_preset=&#8220;default&#8220; global_colors_info=&#8220;{}&#8220;][et_pb_image src=&#8220;https:\/\/staging.soyaustria.com\/wp-content\/uploads\/2021\/02\/SOY-Austria_seal_re_600.png&#8220; title_text=&#8220;SOY-Austria_seal_re_600&#8243; show_bottom_space=&#8220;off&#8220; align=&#8220;right&#8220; align_tablet=&#8220;right&#8220; align_phone=&#8220;right&#8220; align_last_edited=&#8220;off|desktop&#8220; _builder_version=&#8220;4.16&#8243; _module_preset=&#8220;default&#8220; background_enable_color=&#8220;off&#8220; width=&#8220;180px&#8220; max_width=&#8220;33vw&#8220; custom_margin=&#8220;-10px|28vw|||false|false&#8220; custom_margin_tablet=&#8220;|22vw|||false|false&#8220; custom_margin_phone=&#8220;|12vw|||false|false&#8220; custom_margin_last_edited=&#8220;on|tablet&#8220; custom_padding=&#8220;||||false|false&#8220; global_colors_info=&#8220;{}&#8220;][\/et_pb_image][\/et_pb_column][\/et_pb_row][\/et_pb_section][et_pb_section fb_built=&#8220;1&#8243; _builder_version=&#8220;4.16&#8243; _module_preset=&#8220;default&#8220; custom_padding=&#8220;||11px|||&#8220; top_divider_style=&#8220;curve&#8220; top_divider_color=&#8220;#94C01B&#8220; top_divider_height=&#8220;40px&#8220; top_divider_repeat=&#8220;0x&#8220; bottom_divider_color=&#8220;#94C01B&#8220; bottom_divider_height=&#8220;5px&#8220; bottom_divider_flip=&#8220;vertical&#8220; global_colors_info=&#8220;{}&#8220;][et_pb_row disabled_on=&#8220;off|off|off&#8220; _builder_version=&#8220;4.16&#8243; _module_preset=&#8220;default&#8220; width=&#8220;60%&#8220; width_tablet=&#8220;80%&#8220; width_phone=&#8220;&#8220; width_last_edited=&#8220;on|phone&#8220; custom_padding=&#8220;30px||30px||true|false&#8220; global_colors_info=&#8220;{}&#8220;][et_pb_column type=&#8220;4_4&#8243; _builder_version=&#8220;4.16&#8243; _module_preset=&#8220;default&#8220; global_colors_info=&#8220;{}&#8220;][et_pb_text _builder_version=&#8220;4.16&#8243; header_font=&#8220;|700|||||||&#8220; header_text_align=&#8220;center&#8220; header_text_color=&#8220;#575757&#8243; header_3_text_align=&#8220;center&#8220; header_3_line_height=&#8220;1.2em&#8220; global_colors_info=&#8220;{}&#8220;]<\/p>\n<h1>KARRIERE<\/h1>\n<h3>Soy Austria\u00ae\u00a0ist ein internationales Familienunternehmen, das Soja-Zutaten herstellt und <strong>NATURAL <span style=\"color: #94c01b;\">SOY<\/span>LUTIONS<\/strong> f\u00fcr unsere Kunden anbietet.<\/h3>\n<p>[\/et_pb_text][\/et_pb_column][\/et_pb_row][et_pb_row use_custom_gutter=&#8220;on&#8220; gutter_width=&#8220;2&#8243; _builder_version=&#8220;4.16&#8243; background_size=&#8220;initial&#8220; background_position=&#8220;top_left&#8220; background_repeat=&#8220;repeat&#8220; width=&#8220;60%&#8220; width_tablet=&#8220;80%&#8220; width_phone=&#8220;80%&#8220; width_last_edited=&#8220;on|tablet&#8220; custom_padding=&#8220;0|0px|30px|0px|false|false&#8220; global_colors_info=&#8220;{}&#8220;][et_pb_column type=&#8220;4_4&#8243; _builder_version=&#8220;4.16&#8243; custom_padding=&#8220;|||&#8220; global_colors_info=&#8220;{}&#8220; custom_padding__hover=&#8220;|||&#8220;][et_pb_text _builder_version=&#8220;4.22.0&#8243; custom_margin=&#8220;-6px|||||&#8220; custom_padding=&#8220;0px|||||&#8220; hover_enabled=&#8220;0&#8243; global_colors_info=&#8220;{}&#8220; sticky_enabled=&#8220;0&#8243;]<\/p>\n<p>Unser Unternehmen ist in \u00fcber 80 L\u00e4ndern weltweit t\u00e4tig, hat Produktionsst\u00e4tten in Nieder\u00f6sterreich und hat seinen Sitz im 22. Wiener Gemeindebezirk. Die Produkte sind nat\u00fcrliche Inhaltsstoffe, die viele verschiedene Verbraucher erreichen. Zu den Kunden z\u00e4hlen die weltweit gr\u00f6\u00dften Lebensmittelhersteller. Das Unternehmen zeichnet sich durch stetiges Wachstum, engagierte Mitarbeiter und eine offene Unternehmenskultur aus, in der Chancengleichheit und Toleranz gelebt werden. Das moderne Wiener B\u00fcro befindet sich in direkter U-Bahn-N\u00e4he und unsere Produktionsst\u00e4tte ist ebenfalls nur wenige Gehminuten vom Bahnhof entfernt.<\/p>\n<p>Alle offenen Stellen in der Soy Austria Group werden hier angezeigt.<\/p>\n<p><a href=\"https:\/\/staging.soyaustria.com\/wp-content\/uploads\/2023\/08\/Customer-Support.pdf\" target=\"_blank\" rel=\"noopener\">Customer Support, Wien<\/a><\/p>\n<p>Unabh\u00e4ngig davon freuen wir uns jederzeit \u00fcber Ihre Initiativbewerbung:<br \/><a href=\"mailto:job@soyaustria.com\">job@soyaustria.com<\/a><\/p>\n<p>[\/et_pb_text][\/et_pb_column][\/et_pb_row][\/et_pb_section]<\/p>\n<span class=\"et_bloom_bottom_trigger\"><\/span>","protected":false},"excerpt":{"rendered":"<p>KARRIERE Soy Austria\u00ae\u00a0ist ein internationales Familienunternehmen, das Soja-Zutaten herstellt und NATURAL SOYLUTIONS f\u00fcr unsere Kunden anbietet.Unser Unternehmen ist in \u00fcber 80 L\u00e4ndern weltweit t\u00e4tig, hat Produktionsst\u00e4tten in Nieder\u00f6sterreich und hat seinen Sitz im 22. Wiener Gemeindebezirk. Die Produkte sind nat\u00fcrliche Inhaltsstoffe, die viele verschiedene Verbraucher erreichen. Zu den Kunden z\u00e4hlen die weltweit gr\u00f6\u00dften Lebensmittelhersteller. Das [&hellip;]<\/p>\n","protected":false},"author":4,"featured_media":0,"parent":8042,"menu_order":5,"comment_status":"closed","ping_status":"closed","template":"","meta":{"_et_pb_use_builder":"on","_et_pb_old_content":"","_et_gb_content_width":"","footnotes":""},"class_list":["post-8059","page","type-page","status-publish","hentry"],"yoast_head":"<!-- This site is optimized with the Yoast SEO plugin v27.4 - https:\/\/yoast.com\/product\/yoast-seo-wordpress\/ -->\n<title>KARRIERE: Ihr Job beim International Food Ingredient Brand - Soy Austria\u00ae<\/title>\n<meta name=\"description\" content=\"Senden Sie Ihre Bewerbung an unsere B\u00fcros in Wien und N\u00d6 und werden Sie Teil unseres Familienunternehmens f\u00fcr gentechnikfreies und nat\u00fcrliches Soja.\" \/>\n<meta name=\"robots\" content=\"noindex, follow, max-snippet:-1, max-image-preview:large, max-video-preview:-1\" \/>\n<meta name=\"twitter:card\" content=\"summary_large_image\" \/>\n<meta name=\"twitter:title\" content=\"KARRIERE: Ihr Job beim International Food Ingredient Brand - Soy Austria\u00ae\" \/>\n<meta name=\"twitter:description\" content=\"Senden Sie Ihre Bewerbung an unsere B\u00fcros in Wien und N\u00d6 und werden Sie Teil unseres Familienunternehmens f\u00fcr gentechnikfreies und nat\u00fcrliches Soja.\" \/>\n<meta name=\"twitter:label1\" content=\"Gesch\u00e4tzte Lesezeit\" \/>\n\t<meta name=\"twitter:data1\" content=\"4\u00a0Minuten\" \/>\n<script type=\"application\/ld+json\" class=\"yoast-schema-graph\">{\"@context\":\"https:\\\/\\\/schema.org\",\"@graph\":[{\"@type\":\"WebPage\",\"@id\":\"https:\\\/\\\/staging.soyaustria.com\\\/de\\\/home\\\/karriere\\\/\",\"url\":\"https:\\\/\\\/staging.soyaustria.com\\\/de\\\/home\\\/karriere\\\/\",\"name\":\"KARRIERE: Ihr Job beim International Food Ingredient Brand - Soy Austria\u00ae\",\"isPartOf\":{\"@id\":\"https:\\\/\\\/staging.soyaustria.com\\\/de\\\/#website\"},\"datePublished\":\"2021-02-24T13:26:32+00:00\",\"dateModified\":\"2023-08-22T14:29:40+00:00\",\"description\":\"Senden Sie Ihre Bewerbung an unsere B\u00fcros in Wien und N\u00d6 und werden Sie Teil unseres Familienunternehmens f\u00fcr gentechnikfreies und nat\u00fcrliches Soja.\",\"breadcrumb\":{\"@id\":\"https:\\\/\\\/staging.soyaustria.com\\\/de\\\/home\\\/karriere\\\/#breadcrumb\"},\"inLanguage\":\"de\",\"potentialAction\":[{\"@type\":\"ReadAction\",\"target\":[\"https:\\\/\\\/staging.soyaustria.com\\\/de\\\/home\\\/karriere\\\/\"]}]},{\"@type\":\"BreadcrumbList\",\"@id\":\"https:\\\/\\\/staging.soyaustria.com\\\/de\\\/home\\\/karriere\\\/#breadcrumb\",\"itemListElement\":[{\"@type\":\"ListItem\",\"position\":1,\"name\":\"Startseite\",\"item\":\"https:\\\/\\\/staging.soyaustria.com\\\/de\\\/\"},{\"@type\":\"ListItem\",\"position\":2,\"name\":\"SOY AUSTRIA\",\"item\":\"https:\\\/\\\/staging.soyaustria.com\\\/de\\\/\"},{\"@type\":\"ListItem\",\"position\":3,\"name\":\"KARRIERE\"}]},{\"@type\":\"WebSite\",\"@id\":\"https:\\\/\\\/staging.soyaustria.com\\\/de\\\/#website\",\"url\":\"https:\\\/\\\/staging.soyaustria.com\\\/de\\\/\",\"name\":\"Soy Austria\u00ae\",\"description\":\"Natural Soylutions\",\"publisher\":{\"@id\":\"https:\\\/\\\/staging.soyaustria.com\\\/de\\\/#organization\"},\"potentialAction\":[{\"@type\":\"SearchAction\",\"target\":{\"@type\":\"EntryPoint\",\"urlTemplate\":\"https:\\\/\\\/staging.soyaustria.com\\\/de\\\/?s={search_term_string}\"},\"query-input\":{\"@type\":\"PropertyValueSpecification\",\"valueRequired\":true,\"valueName\":\"search_term_string\"}}],\"inLanguage\":\"de\"},{\"@type\":\"Organization\",\"@id\":\"https:\\\/\\\/staging.soyaustria.com\\\/de\\\/#organization\",\"name\":\"Soy Austria GmbH\",\"url\":\"https:\\\/\\\/staging.soyaustria.com\\\/de\\\/\",\"logo\":{\"@type\":\"ImageObject\",\"inLanguage\":\"de\",\"@id\":\"https:\\\/\\\/staging.soyaustria.com\\\/de\\\/#\\\/schema\\\/logo\\\/image\\\/\",\"url\":\"https:\\\/\\\/staging.soyaustria.com\\\/wp-content\\\/uploads\\\/2018\\\/08\\\/apple_touch_icon.png\",\"contentUrl\":\"https:\\\/\\\/staging.soyaustria.com\\\/wp-content\\\/uploads\\\/2018\\\/08\\\/apple_touch_icon.png\",\"width\":\"57\",\"height\":\"57\",\"caption\":\"Soy Austria GmbH\"},\"image\":{\"@id\":\"https:\\\/\\\/staging.soyaustria.com\\\/de\\\/#\\\/schema\\\/logo\\\/image\\\/\"},\"sameAs\":[\"https:\\\/\\\/www.linkedin.com\\\/company\\\/soy-austria-gmbh\\\/\"]}]}<\/script>\n<!-- \/ Yoast SEO plugin. -->","yoast_head_json":{"title":"KARRIERE: Ihr Job beim International Food Ingredient Brand - Soy Austria\u00ae","description":"Senden Sie Ihre Bewerbung an unsere B\u00fcros in Wien und N\u00d6 und werden Sie Teil unseres Familienunternehmens f\u00fcr gentechnikfreies und nat\u00fcrliches Soja.","robots":{"index":"noindex","follow":"follow","max-snippet":"max-snippet:-1","max-image-preview":"max-image-preview:large","max-video-preview":"max-video-preview:-1"},"twitter_card":"summary_large_image","twitter_title":"KARRIERE: Ihr Job beim International Food Ingredient Brand - Soy Austria\u00ae","twitter_description":"Senden Sie Ihre Bewerbung an unsere B\u00fcros in Wien und N\u00d6 und werden Sie Teil unseres Familienunternehmens f\u00fcr gentechnikfreies und nat\u00fcrliches Soja.","twitter_misc":{"Gesch\u00e4tzte Lesezeit":"4\u00a0Minuten"},"schema":{"@context":"https:\/\/schema.org","@graph":[{"@type":"WebPage","@id":"https:\/\/staging.soyaustria.com\/de\/home\/karriere\/","url":"https:\/\/staging.soyaustria.com\/de\/home\/karriere\/","name":"KARRIERE: Ihr Job beim International Food Ingredient Brand - Soy Austria\u00ae","isPartOf":{"@id":"https:\/\/staging.soyaustria.com\/de\/#website"},"datePublished":"2021-02-24T13:26:32+00:00","dateModified":"2023-08-22T14:29:40+00:00","description":"Senden Sie Ihre Bewerbung an unsere B\u00fcros in Wien und N\u00d6 und werden Sie Teil unseres Familienunternehmens f\u00fcr gentechnikfreies und nat\u00fcrliches Soja.","breadcrumb":{"@id":"https:\/\/staging.soyaustria.com\/de\/home\/karriere\/#breadcrumb"},"inLanguage":"de","potentialAction":[{"@type":"ReadAction","target":["https:\/\/staging.soyaustria.com\/de\/home\/karriere\/"]}]},{"@type":"BreadcrumbList","@id":"https:\/\/staging.soyaustria.com\/de\/home\/karriere\/#breadcrumb","itemListElement":[{"@type":"ListItem","position":1,"name":"Startseite","item":"https:\/\/staging.soyaustria.com\/de\/"},{"@type":"ListItem","position":2,"name":"SOY AUSTRIA","item":"https:\/\/staging.soyaustria.com\/de\/"},{"@type":"ListItem","position":3,"name":"KARRIERE"}]},{"@type":"WebSite","@id":"https:\/\/staging.soyaustria.com\/de\/#website","url":"https:\/\/staging.soyaustria.com\/de\/","name":"Soy Austria\u00ae","description":"Natural Soylutions","publisher":{"@id":"https:\/\/staging.soyaustria.com\/de\/#organization"},"potentialAction":[{"@type":"SearchAction","target":{"@type":"EntryPoint","urlTemplate":"https:\/\/staging.soyaustria.com\/de\/?s={search_term_string}"},"query-input":{"@type":"PropertyValueSpecification","valueRequired":true,"valueName":"search_term_string"}}],"inLanguage":"de"},{"@type":"Organization","@id":"https:\/\/staging.soyaustria.com\/de\/#organization","name":"Soy Austria GmbH","url":"https:\/\/staging.soyaustria.com\/de\/","logo":{"@type":"ImageObject","inLanguage":"de","@id":"https:\/\/staging.soyaustria.com\/de\/#\/schema\/logo\/image\/","url":"https:\/\/staging.soyaustria.com\/wp-content\/uploads\/2018\/08\/apple_touch_icon.png","contentUrl":"https:\/\/staging.soyaustria.com\/wp-content\/uploads\/2018\/08\/apple_touch_icon.png","width":"57","height":"57","caption":"Soy Austria GmbH"},"image":{"@id":"https:\/\/staging.soyaustria.com\/de\/#\/schema\/logo\/image\/"},"sameAs":["https:\/\/www.linkedin.com\/company\/soy-austria-gmbh\/"]}]}},"_links":{"self":[{"href":"https:\/\/staging.soyaustria.com\/de\/wp-json\/wp\/v2\/pages\/8059","targetHints":{"allow":["GET"]}}],"collection":[{"href":"https:\/\/staging.soyaustria.com\/de\/wp-json\/wp\/v2\/pages"}],"about":[{"href":"https:\/\/staging.soyaustria.com\/de\/wp-json\/wp\/v2\/types\/page"}],"author":[{"embeddable":true,"href":"https:\/\/staging.soyaustria.com\/de\/wp-json\/wp\/v2\/users\/4"}],"replies":[{"embeddable":true,"href":"https:\/\/staging.soyaustria.com\/de\/wp-json\/wp\/v2\/comments?post=8059"}],"version-history":[{"count":0,"href":"https:\/\/staging.soyaustria.com\/de\/wp-json\/wp\/v2\/pages\/8059\/revisions"}],"up":[{"embeddable":true,"href":"https:\/\/staging.soyaustria.com\/de\/wp-json\/wp\/v2\/pages\/8042"}],"wp:attachment":[{"href":"https:\/\/staging.soyaustria.com\/de\/wp-json\/wp\/v2\/media?parent=8059"}],"curies":[{"name":"wp","href":"https:\/\/api.w.org\/{rel}","templated":true}]}}