{"id":83,"date":"2018-05-15T14:26:05","date_gmt":"2018-05-15T14:26:05","guid":{"rendered":"https:\/\/staging.soja.at\/?page_id=83"},"modified":"2022-12-16T11:56:24","modified_gmt":"2022-12-16T10:56:24","slug":"datenschutzerklaerung","status":"publish","type":"page","link":"https:\/\/staging.soyaustria.com\/de\/datenschutzerklaerung\/","title":{"rendered":"Datenschutzerkl\u00e4rung"},"content":{"rendered":"<p>[et_pb_section fb_built=&#8220;1&#8243; _builder_version=&#8220;4.16&#8243; global_colors_info=&#8220;{}&#8220;][et_pb_row _builder_version=&#8220;4.16&#8243; background_size=&#8220;initial&#8220; background_position=&#8220;top_left&#8220; background_repeat=&#8220;repeat&#8220; global_colors_info=&#8220;{}&#8220;][et_pb_column type=&#8220;4_4&#8243; _builder_version=&#8220;4.16&#8243; custom_padding=&#8220;|||&#8220; global_colors_info=&#8220;{}&#8220; custom_padding__hover=&#8220;|||&#8220;][et_pb_text _builder_version=&#8220;4.19.3&#8243; header_font=&#8220;||||||||&#8220; hover_enabled=&#8220;0&#8243; global_colors_info=&#8220;{}&#8220; header_text_color__hover_enabled=&#8220;off|desktop&#8220; sticky_enabled=&#8220;0&#8243;]<\/p>\n<h1>Datenschutzerkl\u00e4rung f\u00fcr Website-Besucher<\/h1>\n<p>(Unseren Datenschutzhinweis f\u00fcr Kunden finden Sie <a href=\"https:\/\/staging.soyaustria.com\/\/de\/datenschutzhinweis-kunden\/\">hier<\/a>.)<\/p>\n<p>F\u00fcr diese Website verantwortlich:<br \/>SOY AUSTRIA GmbH<br \/>Ares Tower<br \/>Donau-City-Strasse 11<br \/>1220 Vienna, Austria<br \/>Tel: +43 1 879 34 34<br \/>Fax: +43 1 879 34 35<br \/>E-Mail: <a href=\"mailto:office@soyaustria.com\">office@soyaustria.com<\/a><\/p>\n<p>Der Schutz Ihrer pers\u00f6nlichen Daten ist uns ein besonderes Anliegen. Wir verarbeiten Ihre Daten daher ausschlie\u00dflich auf Grundlage der gesetzlichen Bestimmungen (DSGVO, TKG 2003). In diesen Datenschutzinformationen informieren wir Sie \u00fcber die wichtigsten Aspekte der Datenverarbeitung im Rahmen unserer Website.<\/p>\n<p><strong>Zwecke der Datenverarbeitung<br \/><\/strong>Wir werden Ihre personenbezogenen Daten zu folgenden Zwecken verarbeiten:<\/p>\n<ul>\n<li>um Ihnen diese Website zur Verf\u00fcgung zu stellen und um diese Website weiter zu verbessern und zu entwickeln;<\/li>\n<li>um Nutzungsstatistiken erstellen zu k\u00f6nnen;<\/li>\n<li>um Angriffe auf unsere Website erkennen, verhindern und untersuchen zu k\u00f6nnen;<\/li>\n<li>um auf Ihre Anfragen zu antworten<\/li>\n<li>um Ihren Antrag auf Zugang zur Customer Area bearbeiten zu k\u00f6nnen<\/li>\n<li>um Direktmarketing f\u00fcr bestehende Kunden zu betreiben<\/li>\n<li>um sich f\u00fcr unser E-Mail-Marketing anzumelden<\/li>\n<\/ul>\n<p><strong>Rechtsgrundlagen der Verarbeitung<br \/><\/strong>Die rechtliche Grundlage f\u00fcr die Verarbeitung Ihrer personenbezogenen Daten ist unser \u00fcberwiegendes berechtigtes Interesse (gem\u00e4\u00df Art 6 Abs 1 lit f EU Datenschutz-Grundverordnung), welches darin besteht, die oben unter Punkt 3 genannten Zwecke zu erreichen.<br \/>Weiters werden Ihre Daten zur Erf\u00fcllung eines Vertrages oder Durchf\u00fchrung vorvertraglicher Ma\u00dfnahmen und zur Erf\u00fcllung rechtlicher Verpflichtungen wie z.B. Rechnungslegung und Gew\u00e4hrleistung verarbeitet. Sollte es ein Zweck erforderlich machen, wird von Ihnen eine ausdr\u00fcckliche Einwilligung eingeholt.<\/p>\n<p><strong>Kontakt mit uns<\/strong><br \/>Wenn Sie per Formular auf der Website oder per E-Mail Kontakt mit uns aufnehmen, werden Ihre angegebenen Daten zwecks Bearbeitung der Anfrage und f\u00fcr den Fall von Anschlussfragen sechs Monate bei uns gespeichert. Diese Daten geben wir nicht ohne Ihre Einwilligung weiter.<\/p>\n<p><strong>Customer Area<\/strong><br \/>Um Ihren Antrag auf Zugang bearbeiten zu k\u00f6nnen, ben\u00f6tigen wir die von Ihnen im E-Mail angegebenen Daten. Kommt eine Mitgliedschaft zustande, werden Ihre Daten ausschlie\u00dflich zu diesem Zweck verarbeitet und nicht an Dritte weitergegeben. Kommt eine Mitgliedschaft nicht zustande oder wird beendet, l\u00f6schen wir Ihre Daten in der Customer Area unverz\u00fcglich. Sie k\u00f6nnen Ihren Account jederzeit selbst bearbeiten und l\u00f6schen.<\/p>\n<p><strong>Cookies<\/strong><br \/>Unsere Website verwendet so genannte Cookies. Dabei handelt es sich um kleine Textdateien, die mit Hilfe des Browsers auf Ihrem Endger\u00e4t abgelegt werden. Sie richten keinen Schaden an, enthalten keine personenbezogenen Daten (wie IP-Adressen) und die meisten werden nach Ihrem Website-Besuch automatisch gel\u00f6scht (Session Cookies). Wir nutzen Cookies dazu, unser Angebot nutzerfreundlich zu gestalten. Einige Cookies bleiben auf Ihrem Endger\u00e4t gespeichert, bis Sie diese l\u00f6schen. Sie erm\u00f6glichen es uns, Ihren Browser beim n\u00e4chsten Besuch wiederzuerkennen.\u00a0Wenn Sie dies nicht w\u00fcnschen, so k\u00f6nnen Sie Ihren Browser so einrichten, dass er Sie \u00fcber das Setzen von Cookies informiert und Sie dies nur im Einzelfall erlauben. Bei der Deaktivierung von Cookies kann die Funktionalit\u00e4t unserer Website eingeschr\u00e4nkt sein.<\/p>\n<p>Sie k\u00f6nnen Ihre Cookies hier verwalten:<br \/>[borlabs-cookie type=&#8220;btn-cookie-preference&#8220; title=&#8220;Cookie-Verwaltung&#8220;\/]<\/p>\n<p><strong>Hosting und Log-Files<br \/><\/strong>Zum Betrieb dieser Website ben\u00f6tigen wir Hosting-Leistungen wie Infrastruktur- und Plattformdienstleistungen, Rechenkapazit\u00e4t, Speicherplatz, Datenbankdienste, Sicherheits- und Wartungsleistungen. Wir bzw. unser Hosting-Dienstleister verarbeiten Daten unserer Website-Besucher wie Kontaktdaten, Inhaltsdaten, Nutzungsdaten, Meta- und Kommunikationsdaten aufgrund unseres berechtigten Interesses an einem zufriedenstellenden und sicheren Website-Angebot. Aus dem selben Grund verarbeiten wir bzw. unser Hosting-Dienstleister so genannte Server-Log-Files (u.a. abgerufene Website, Datei, Abruf-Zeitpunkt, Datenmenge, Browser- und Betriebssystem-Informationen, Referrer-Website, IP-Adresse, Nutzer-Provider). Log-Files werden aus Sicherheitsgr\u00fcnden (Aufkl\u00e4rung von Missbrauch oder Betrug) f\u00fcr maximal 12 Monate gespeichert. Wenn es aufgrund eines Vorfalles f\u00fcr Beweiszwecke notwendig ist, k\u00f6nnen Daten auch l\u00e4nger gespeichert werden. Wir haben mit unserem Hosting-Anbieter einen Auftragsdatenverarbeitungs-Vertrag abgeschlossen.<\/p>\n<p><strong>Web-Analyse und Analyse-Cookies\u00a0<\/strong><br \/>Unsere Website verwendet Funktionen des Webanalysedienstes \u201eGoogle Analytics\u201c der Firma\u00a0Google Ireland Limited, Gordon House, Barrow Street, Dublin 4, Irland.<br \/>Dazu werden Cookies verwendet, die eine Analyse der Benutzung der Website durch ihre Benutzer erm\u00f6glicht. Die dadurch erzeugten Informationen werden auf die Server des Anbieters in den U.S.A. \u00fcbertragen und dort gespeichert. Sie k\u00f6nnen dies verhindern, indem Sie Ihren Browser so einrichten, dass keine Cookies gespeichert werden. Ihre IP-Adresse wird erfasst, aber umgehend anonymisiert, indem sie gek\u00fcrzt wird. Dadurch ist nur mehr eine grobe Lokalisierung m\u00f6glich.\u00a0Opt-out: <a href=\"https:\/\/tools.google.com\/dlpage\/gaoptout\" target=\"_blank\" rel=\"noopener noreferrer\">https:\/\/tools.google.com\/dlpage\/gaoptout<\/a><br \/>Die Datenverarbeitung erfolgt auf Basis der gesetzlichen Bestimmungen des \u00a7 96 Abs 3 TKG sowie des Art 6 Abs 1 lit a (Einwilligung) und\/oder f (berechtigtes Interesse) der DSGVO. Unser Anliegen im Sinne der DSGVO (berechtigtes Interesse) ist die Verbesserung unseres Angebotes und unseres Webauftritts.\u00a0Wir haben mit dem Anbieter einen entsprechenden Vertrag zur Auftragsdatenverarbeitung abgeschlossen.<\/p>\n<p>Sie k\u00f6nnen Ihre Cookies hier verwalten:<br \/>[borlabs-cookie type=&#8220;btn-cookie-preference&#8220; title=&#8220;Cookie-Verwaltung&#8220;\/]<\/p>\n<p><strong>Newsletter<br \/><\/strong>Sie haben die M\u00f6glichkeit, \u00fcber unsere Website unseren Newsletter zu abonnieren. Hierf\u00fcr ben\u00f6tigen wir Ihre E-Mail-Adresse und Ihre Einverst\u00e4ndniserkl\u00e4rung. Sobald Sie sich f\u00fcr den Newsletter angemeldet haben, erhalten Sie ein Best\u00e4tigungs-E-Mail mit einem Link zur Best\u00e4tigung der Anmeldung. Dieses Verfahren wird \u201eDouble Opt In\u201c genannt und entspricht dem Stand der Technik. Die Anwendungen werden protokolliert, um der Erfordernis der Nachweispflicht nachkommen zu k\u00f6nnen. Dazu geh\u00f6ren auch die Datenkategorien Anmelde- und des Best\u00e4tigungszeitpunkt und IP-Adresse.<br \/>Die Newsletter enthalten eine kleine Datei, die beim \u00d6ffnen vom Server des Versanddienstleisters abgerufen wird. Damit werden technische Informationen, Abruf-Zeitpunkt und die Nutzer-IP-Adresse erhoben. Diese Informationen dienen der Verbesserung des Services und der Analyse des Zielgruppenverhaltens.<br \/>Das Abo des Newsletters k\u00f6nnen Sie jederzeit stornieren, indem Sie den Abmelde-Link, der in jedem Newsletter-E-Mail vorhanden ist, klicken. Sollte das nicht funktionieren, senden Sie Ihre Stornierung bitte an die E-Mail-Adresse <a href=\"mailto:office@soyaustria.com\">office@soyaustria.com<\/a>. Wir entfernen anschlie\u00dfend Ihre Daten aus dem Newsletter-Versand. Zum Nachweis der Zul\u00e4ssigkeit der Zusendung im Falle einer Beschwerde bleiben die Daten f\u00fcr die Dauer der Verj\u00e4hrungsfrist in einem L\u00f6schprotokoll gespeichert.<br \/>Der Versand der Newsletter erfolgt \u00fcber den Dienstleister \u201esendinblue\u201c der Firma Sendinblue GmbH, K\u00f6penicker Stra\u00dfe 126, 10179 Berlin, Deutschland. Die Daten werden ausschlie\u00dflich innerhalb der EU verarbeitet. Wir haben mit dem Anbieter einen entsprechenden Vertrag zur Auftragsdatenverarbeitung abgeschlossen.<\/p>\n<p>Wir setzen ein Cookie, um das Newsletter-Anmeldeformular zu steuern. Sie k\u00f6nnen Ihre Cookie-Einstellungen hier verwalten:<br \/>[borlabs-cookie type=&#8220;btn-cookie-preference&#8220; title=&#8220;Cookie-Verwaltung&#8220;\/]<br \/><strong><\/strong><\/p>\n<p><strong>Einbindung von Diensten und\/oder Inhalten Dritter<\/strong><br \/>Es werden Dienste von Drittanbietern eingesetzt, um z.B. Videos\u00a0 einzubinden.<br \/>Zu diesem Zweck ben\u00f6tigen diese Drittanbieter die IP-Adressen der Website-Benutzer, da sie sonst die eingebundenen Inhalte nicht an die Nutzer-Endger\u00e4te ausliefern k\u00f6nnen. Zudem k\u00f6nnen seitens der Drittanbieter Cookies auf den Endnutzer-Ger\u00e4ten gesetzt werden, die z.B. speichern, welches Video wie lange bereits angesehen wurde, um dann an dieser Stelle fortfahren zu k\u00f6nnen. Weiters k\u00f6nnen die Cookies technische Informationen \u00fcber Browser und Betriebssystem des Users beinhalten sowie Informationen \u00fcber Website-Verweise, Besuchzeit etc. Im Zuges dessen k\u00f6nnen Daten in die U.S.A. \u00fcbertragen werden.\u00a0Der EuGH stuft die U.S.A. als Land mit unzureichendem Datenschutz nach EU-Standards ein. So besteht etwa das Risiko, dass US-Beh\u00f6rden personenbezogene Daten in \u00dcberwachungsprogrammen verarbeiten, ohne bestehende Klagsm\u00f6glichkeit f\u00fcr Europ\u00e4er.<\/p>\n<p>Die Datenverarbeitung erfolgt auf Basis der gesetzlichen Bestimmungen des \u00a7 96 Abs 3 TKG sowie des Art 6 Abs 1 lit a (Einwilligung) und\/oder f (berechtigtes Interesse) der DSGVO. Unser Anliegen im Sinne der DSGVO (berechtigtes Interesse) ist die Verbesserung unseres Angebotes und unseres Webauftritts.<\/p>\n<p>Wir binden folgende Dienste Dritter ein:<br \/>Videos von Vimeo:\u00a0Vimeo Inc., 555 West 18th Street New York, New York 10011, USA. Datenschutzerkl\u00e4rung:<span>\u00a0<\/span><a href=\"https:\/\/vimeo.com\/privacy\" target=\"_blank\" rel=\"noopener noreferrer\">https:\/\/vimeo.com\/privacy<\/a>.<\/p>\n<p>Sie k\u00f6nnen Ihre Cookies hier verwalten:<br \/>[borlabs-cookie type=&#8220;btn-cookie-preference&#8220; title=&#8220;Cookie-Verwaltung&#8220;\/]<\/p>\n<p><strong>Ihre Rechte<\/strong><br \/>Ihnen stehen grunds\u00e4tzlich die Rechte auf Auskunft, Berichtigung, L\u00f6schung, Einschr\u00e4nkung, Daten\u00fcbertragbarkeit, Widerruf und Widerspruch zu. Wenn Sie glauben, dass die Verarbeitung Ihrer Daten gegen das Datenschutzrecht verst\u00f6\u00dft oder Ihre datenschutzrechtlichen Anspr\u00fcche sonst in einer Weise verletzt worden sind, k\u00f6nnen Sie sich bei der Aufsichtsbeh\u00f6rde beschweren. In \u00d6sterreich ist dies die Datenschutzbeh\u00f6rde.<\/p>\n<p>[\/et_pb_text][\/et_pb_column][\/et_pb_row][\/et_pb_section]<\/p>\n<span class=\"et_bloom_bottom_trigger\"><\/span>","protected":false},"excerpt":{"rendered":"<p>Datenschutzerkl\u00e4rung f\u00fcr Website-Besucher (Unseren Datenschutzhinweis f\u00fcr Kunden finden Sie hier.) F\u00fcr diese Website verantwortlich:SOY AUSTRIA GmbHAres TowerDonau-City-Strasse 111220 Vienna, AustriaTel: +43 1 879 34 34Fax: +43 1 879 34 35E-Mail: office@soyaustria.com Der Schutz Ihrer pers\u00f6nlichen Daten ist uns ein besonderes Anliegen. Wir verarbeiten Ihre Daten daher ausschlie\u00dflich auf Grundlage der gesetzlichen Bestimmungen (DSGVO, TKG 2003). [&hellip;]<\/p>\n","protected":false},"author":3,"featured_media":0,"parent":0,"menu_order":8,"comment_status":"closed","ping_status":"closed","template":"","meta":{"_et_pb_use_builder":"on","_et_pb_old_content":"","_et_gb_content_width":"","footnotes":""},"class_list":["post-83","page","type-page","status-publish","hentry"],"yoast_head":"<!-- This site is optimized with the Yoast SEO plugin v27.4 - https:\/\/yoast.com\/product\/yoast-seo-wordpress\/ -->\n<title>Datenschutzerkl\u00e4rung - Soy Austria\u00ae<\/title>\n<meta name=\"robots\" content=\"noindex, follow, max-snippet:-1, max-image-preview:large, max-video-preview:-1\" \/>\n<meta name=\"twitter:card\" content=\"summary_large_image\" \/>\n<meta name=\"twitter:title\" content=\"Datenschutzerkl\u00e4rung - Soy Austria\u00ae\" \/>\n<meta name=\"twitter:description\" content=\"Datenschutzerkl\u00e4rung f\u00fcr Website-Besucher (Unseren Datenschutzhinweis f\u00fcr Kunden finden Sie hier.) F\u00fcr diese Website verantwortlich:SOY AUSTRIA GmbHAres TowerDonau-City-Strasse 111220 Vienna, AustriaTel: +43 1 879 34 34Fax: +43 1 879 34 35E-Mail: office@soyaustria.com Der Schutz Ihrer pers\u00f6nlichen Daten ist uns ein besonderes Anliegen. Wir verarbeiten Ihre Daten daher ausschlie\u00dflich auf Grundlage der gesetzlichen Bestimmungen (DSGVO, TKG 2003). [&hellip;]\" \/>\n<meta name=\"twitter:label1\" content=\"Gesch\u00e4tzte Lesezeit\" \/>\n\t<meta name=\"twitter:data1\" content=\"7\u00a0Minuten\" \/>\n<script type=\"application\/ld+json\" class=\"yoast-schema-graph\">{\"@context\":\"https:\\\/\\\/schema.org\",\"@graph\":[{\"@type\":\"WebPage\",\"@id\":\"https:\\\/\\\/staging.soyaustria.com\\\/de\\\/datenschutzerklaerung\\\/\",\"url\":\"https:\\\/\\\/staging.soyaustria.com\\\/de\\\/datenschutzerklaerung\\\/\",\"name\":\"Datenschutzerkl\u00e4rung - Soy Austria\u00ae\",\"isPartOf\":{\"@id\":\"https:\\\/\\\/staging.soyaustria.com\\\/de\\\/#website\"},\"datePublished\":\"2018-05-15T14:26:05+00:00\",\"dateModified\":\"2022-12-16T10:56:24+00:00\",\"breadcrumb\":{\"@id\":\"https:\\\/\\\/staging.soyaustria.com\\\/de\\\/datenschutzerklaerung\\\/#breadcrumb\"},\"inLanguage\":\"de\",\"potentialAction\":[{\"@type\":\"ReadAction\",\"target\":[\"https:\\\/\\\/staging.soyaustria.com\\\/de\\\/datenschutzerklaerung\\\/\"]}]},{\"@type\":\"BreadcrumbList\",\"@id\":\"https:\\\/\\\/staging.soyaustria.com\\\/de\\\/datenschutzerklaerung\\\/#breadcrumb\",\"itemListElement\":[{\"@type\":\"ListItem\",\"position\":1,\"name\":\"Startseite\",\"item\":\"https:\\\/\\\/staging.soyaustria.com\\\/de\\\/\"},{\"@type\":\"ListItem\",\"position\":2,\"name\":\"Datenschutzerkl\u00e4rung\"}]},{\"@type\":\"WebSite\",\"@id\":\"https:\\\/\\\/staging.soyaustria.com\\\/de\\\/#website\",\"url\":\"https:\\\/\\\/staging.soyaustria.com\\\/de\\\/\",\"name\":\"Soy Austria\u00ae\",\"description\":\"Natural Soylutions\",\"publisher\":{\"@id\":\"https:\\\/\\\/staging.soyaustria.com\\\/de\\\/#organization\"},\"potentialAction\":[{\"@type\":\"SearchAction\",\"target\":{\"@type\":\"EntryPoint\",\"urlTemplate\":\"https:\\\/\\\/staging.soyaustria.com\\\/de\\\/?s={search_term_string}\"},\"query-input\":{\"@type\":\"PropertyValueSpecification\",\"valueRequired\":true,\"valueName\":\"search_term_string\"}}],\"inLanguage\":\"de\"},{\"@type\":\"Organization\",\"@id\":\"https:\\\/\\\/staging.soyaustria.com\\\/de\\\/#organization\",\"name\":\"Soy Austria GmbH\",\"url\":\"https:\\\/\\\/staging.soyaustria.com\\\/de\\\/\",\"logo\":{\"@type\":\"ImageObject\",\"inLanguage\":\"de\",\"@id\":\"https:\\\/\\\/staging.soyaustria.com\\\/de\\\/#\\\/schema\\\/logo\\\/image\\\/\",\"url\":\"https:\\\/\\\/staging.soyaustria.com\\\/wp-content\\\/uploads\\\/2018\\\/08\\\/apple_touch_icon.png\",\"contentUrl\":\"https:\\\/\\\/staging.soyaustria.com\\\/wp-content\\\/uploads\\\/2018\\\/08\\\/apple_touch_icon.png\",\"width\":\"57\",\"height\":\"57\",\"caption\":\"Soy Austria GmbH\"},\"image\":{\"@id\":\"https:\\\/\\\/staging.soyaustria.com\\\/de\\\/#\\\/schema\\\/logo\\\/image\\\/\"},\"sameAs\":[\"https:\\\/\\\/www.linkedin.com\\\/company\\\/soy-austria-gmbh\\\/\"]}]}<\/script>\n<!-- \/ Yoast SEO plugin. -->","yoast_head_json":{"title":"Datenschutzerkl\u00e4rung - Soy Austria\u00ae","robots":{"index":"noindex","follow":"follow","max-snippet":"max-snippet:-1","max-image-preview":"max-image-preview:large","max-video-preview":"max-video-preview:-1"},"twitter_card":"summary_large_image","twitter_title":"Datenschutzerkl\u00e4rung - Soy Austria\u00ae","twitter_description":"Datenschutzerkl\u00e4rung f\u00fcr Website-Besucher (Unseren Datenschutzhinweis f\u00fcr Kunden finden Sie hier.) F\u00fcr diese Website verantwortlich:SOY AUSTRIA GmbHAres TowerDonau-City-Strasse 111220 Vienna, AustriaTel: +43 1 879 34 34Fax: +43 1 879 34 35E-Mail: office@soyaustria.com Der Schutz Ihrer pers\u00f6nlichen Daten ist uns ein besonderes Anliegen. Wir verarbeiten Ihre Daten daher ausschlie\u00dflich auf Grundlage der gesetzlichen Bestimmungen (DSGVO, TKG 2003). [&hellip;]","twitter_misc":{"Gesch\u00e4tzte Lesezeit":"7\u00a0Minuten"},"schema":{"@context":"https:\/\/schema.org","@graph":[{"@type":"WebPage","@id":"https:\/\/staging.soyaustria.com\/de\/datenschutzerklaerung\/","url":"https:\/\/staging.soyaustria.com\/de\/datenschutzerklaerung\/","name":"Datenschutzerkl\u00e4rung - Soy Austria\u00ae","isPartOf":{"@id":"https:\/\/staging.soyaustria.com\/de\/#website"},"datePublished":"2018-05-15T14:26:05+00:00","dateModified":"2022-12-16T10:56:24+00:00","breadcrumb":{"@id":"https:\/\/staging.soyaustria.com\/de\/datenschutzerklaerung\/#breadcrumb"},"inLanguage":"de","potentialAction":[{"@type":"ReadAction","target":["https:\/\/staging.soyaustria.com\/de\/datenschutzerklaerung\/"]}]},{"@type":"BreadcrumbList","@id":"https:\/\/staging.soyaustria.com\/de\/datenschutzerklaerung\/#breadcrumb","itemListElement":[{"@type":"ListItem","position":1,"name":"Startseite","item":"https:\/\/staging.soyaustria.com\/de\/"},{"@type":"ListItem","position":2,"name":"Datenschutzerkl\u00e4rung"}]},{"@type":"WebSite","@id":"https:\/\/staging.soyaustria.com\/de\/#website","url":"https:\/\/staging.soyaustria.com\/de\/","name":"Soy Austria\u00ae","description":"Natural Soylutions","publisher":{"@id":"https:\/\/staging.soyaustria.com\/de\/#organization"},"potentialAction":[{"@type":"SearchAction","target":{"@type":"EntryPoint","urlTemplate":"https:\/\/staging.soyaustria.com\/de\/?s={search_term_string}"},"query-input":{"@type":"PropertyValueSpecification","valueRequired":true,"valueName":"search_term_string"}}],"inLanguage":"de"},{"@type":"Organization","@id":"https:\/\/staging.soyaustria.com\/de\/#organization","name":"Soy Austria GmbH","url":"https:\/\/staging.soyaustria.com\/de\/","logo":{"@type":"ImageObject","inLanguage":"de","@id":"https:\/\/staging.soyaustria.com\/de\/#\/schema\/logo\/image\/","url":"https:\/\/staging.soyaustria.com\/wp-content\/uploads\/2018\/08\/apple_touch_icon.png","contentUrl":"https:\/\/staging.soyaustria.com\/wp-content\/uploads\/2018\/08\/apple_touch_icon.png","width":"57","height":"57","caption":"Soy Austria GmbH"},"image":{"@id":"https:\/\/staging.soyaustria.com\/de\/#\/schema\/logo\/image\/"},"sameAs":["https:\/\/www.linkedin.com\/company\/soy-austria-gmbh\/"]}]}},"_links":{"self":[{"href":"https:\/\/staging.soyaustria.com\/de\/wp-json\/wp\/v2\/pages\/83","targetHints":{"allow":["GET"]}}],"collection":[{"href":"https:\/\/staging.soyaustria.com\/de\/wp-json\/wp\/v2\/pages"}],"about":[{"href":"https:\/\/staging.soyaustria.com\/de\/wp-json\/wp\/v2\/types\/page"}],"author":[{"embeddable":true,"href":"https:\/\/staging.soyaustria.com\/de\/wp-json\/wp\/v2\/users\/3"}],"replies":[{"embeddable":true,"href":"https:\/\/staging.soyaustria.com\/de\/wp-json\/wp\/v2\/comments?post=83"}],"version-history":[{"count":0,"href":"https:\/\/staging.soyaustria.com\/de\/wp-json\/wp\/v2\/pages\/83\/revisions"}],"wp:attachment":[{"href":"https:\/\/staging.soyaustria.com\/de\/wp-json\/wp\/v2\/media?parent=83"}],"curies":[{"name":"wp","href":"https:\/\/api.w.org\/{rel}","templated":true}]}}